{"id":978,"date":"2014-12-02T11:17:29","date_gmt":"2014-12-02T11:17:29","guid":{"rendered":"https:\/\/eshop.nortecsport.com\/terms-and-conditions-of-use-2\/"},"modified":"2014-12-02T11:30:16","modified_gmt":"2014-12-02T11:30:16","slug":"condizioni-duso","status":"publish","type":"page","link":"https:\/\/eshop.nortecsport.com\/it\/condizioni-duso\/","title":{"rendered":"Condizioni d&#8217;uso"},"content":{"rendered":"<p>Se hai bisogno di assistenza visita l&#8217;area Contatti. Ricordati che puoi sempre contattare nortecsport.com tramite e-mail:\u00a0<a href=\"mailto:info@dudubags.net\">info@nortecsport.com<\/a>. Per qualsiasi altra informazione legale, consulta le sezioni Condizioni Generali di Vendita, Diritto di recesso e Informativa sulla Privacy di nortecsport.com. Nortec Sport potr\u00e0 modificare o semplicemente aggiornare, in tutto o in parte, queste Condizioni Generali d&#8217;Uso. Le modifiche e gli aggiornamenti delle Condizioni Generali d&#8217;Uso verranno pubblicati in questa sezione e saranno vincolanti non appena pubblicati. Ti preghiamo pertanto di accedere con regolarit\u00e0 a questa sezione per verificare la pubblicazione delle pi\u00f9 recenti e aggiornate Condizioni Generali d&#8217;Uso di nortecsport.com. Qualora non dovessi concordare, in tutto o in parte, con le Condizioni Generali d&#8217;Uso di nortecsport.com, ti preghiamo di non usare il nostro sito web.<\/p>\n<p>L&#8217;accesso e l&#8217;uso di nortecsport.com, compresa la visualizzazione delle pagine web, la comunicazione con il Gestore, la possibilit\u00e0 di scaricare informazioni sui prodotti e l&#8217;acquisto degli stessi sul sito web, costituiscono attivit\u00e0 condotte dai nostri utenti esclusivamente per usi personali estranei a qualsiasi attivit\u00e0 commerciale, imprenditoriale e professionale. Ricordati che sarai l&#8217;unico ed il solo responsabile per l&#8217;uso di nortecsport.com e dei suoi contenuti. Il Gestore infatti non potr\u00e0 essere considerato responsabile dell&#8217;uso non conforme alle norme di legge vigenti, del sito web e dei contenuti da parte di ciascuno dei propri utenti, salva la responsabilit\u00e0 di il Gestore per dolo e colpa grave. In particolare, sarai l&#8217;unico ed il solo unico responsabile per la comunicazione di informazioni e di dati non corretti, falsi o relativi a terzi soggetti, senza che questi abbiano espresso il loro consenso, nonch\u00e9 in considerazione di un uso non corretto degli stessi.<\/p>\n<p>Infine, poich\u00e9 ogni materiale sar\u00e0 scaricato o altrimenti ottenuto attraverso l&#8217;uso del servizio a scelta e a rischio dell&#8217;utente, ogni responsabilit\u00e0 per eventuali danni a sistemi di computer o perdite di dati risultanti dalle operazioni di scarico ricade sull&#8217;utente e non potr\u00e0 essere imputata a il Gestore. Il Gestore declina ogni responsabilit\u00e0 per eventuali danni derivanti dall&#8217;inaccessibilit\u00e0 ai servizi presenti sul sito o da eventuali danni causati da virus, file danneggiati, errori, omissioni, interruzioni del servizio, cancellazioni dei contenuti, problemi connessi alla rete, ai provider o a collegamenti telefonici e\/o telematici, ad accessi non autorizzati, ad alterazioni di dati, al mancato e\/o difettoso funzionamento delle apparecchiature elettroniche dell&#8217;utente stesso.<\/p>\n<p>L&#8217;utente \u00e8 responsabile della custodia e del corretto utilizzo delle proprie informazioni personali, ivi comprese le credenziali che consentono di accedere ai servizi riservati, nonch\u00e9 di ogni conseguenza dannosa o pregiudizio che dovesse derivare a carico di il Gestore ovvero di terzi a seguito del non corretto utilizzo, dello smarrimento, sottrazione di tali informazioni.<\/p>\n<ol>\n<li><strong> Privacy Policy<\/strong><\/li>\n<\/ol>\n<p>Ti preghiamo di leggere attentamente l&#8217;Informativa sulla Privacy che si applica anche nel caso in cui l&#8217;utente acceda a nortecsport.com ed utilizzi i relativi servizi, ma non acquisiti alcun prodotto. L&#8217;Informativa sulla Privacy ti aiuta a comprendere come nortecsport.com raccoglie ed utilizza i tuoi dati personali e per quali finalit\u00e0.<\/p>\n<ol start=\"2\">\n<li><strong> Diritti di propriet\u00e0 intellettuale<\/strong><\/li>\n<\/ol>\n<p>I contenuti di nortecsport.com, quali, a titolo esemplificativo, le opere, le immagini, le fotografie, i dialoghi, le musiche, i suoni ed i video, i documenti, i disegni, le figure, i loghi ed ogni altro materiale, in qualsiasi formato, pubblicato su nortecsport.com, compresi i menu, le pagine web, la grafica, i colori, gli schemi, gli strumenti, i caratteri ed il design del sito web, i diagrammi, il layouts, i metodi, i processi, le funzioni ed il software che fanno parte di nortecsport.com, sono protetti dal diritto d&#8217;autore e da ogni altro diritto di propriet\u00e0 intellettuale del Gestore e degli altri titolari dei diritti. \u00c8 vietata la riproduzione, in tutto o in parte, in qualsiasi forma, di nortecsport.com dei suoi contenuti, senza il consenso espresso in forma scritta del Gestore. Il Gestore ha il diritto esclusivo di autorizzare o vietare la riproduzione diretta o indiretta, temporanea o permanente, in qualunque modo o forma, in tutto o in parte, di nortecsport.com e dei suoi contenuti. Con riguardo all&#8217;uso di nortecsport.com, sei autorizzato unicamente a visualizzare il sito web ed i suoi contenuti. Sei, inoltre, autorizzato a compiere tutti quegli altri atti di riproduzione temporanei, privi di rilievo economico proprio, che sono considerati transitori o accessori, parte integrante ed essenziale della stessa visualizzazione di nortecsport.com e dei suoi contenuti e tutte le altre operazioni di navigazione sul sito web che siano eseguite solo per un uso legittimo di nortecsport.com e dei suoi contenuti. Non sei invece autorizzato ad eseguire alcuna riproduzione, su qualsiasi supporto, in tutto o in parte di nortecsport.com e dei suoi contenuti. Qualsiasi atto di riproduzione dovr\u00e0 essere, di volta in volta, autorizzato dal gestore o, all&#8217;occorrenza, dagli autori delle singole opere contenute nel sito web. Tali operazioni di riproduzione dovranno essere comunque eseguite per scopi leciti e nel rispetto del diritto d&#8217;autore e degli altri diritti di propriet\u00e0 intellettuale del gestore e degli autori delle singole opere contenute nel sito web. Gli autori di singole opere pubblicate su nortecsport.com hanno, in qualsiasi momento, il diritto di rivendicare la paternit\u00e0 delle proprie opere e di opporsi a qualsiasi deformazione, mutilazione od altra modificazione delle opere stesse compreso ogni atto a danno arrecato alle opere, che sia di pregiudizio al loro onore o alla loro reputazione. Ti impegni a rispettare il diritto d&#8217;autore degli artisti che hanno scelto di pubblicare le loro opere su nortecsport.com o che hanno collaborato con nortecsport.com alla creazione di nuove forme espressive ed artistiche destinate ad essere pubblicate, anche non in via esclusiva sul sito web, o, ancora, che ne formano parte integrante. Inoltre non sei, in nessun caso, autorizzato ad utilizzare, in qualsiasi modo e forma, i contenuti del sito web ed ogni singola opera protetta dal diritto d&#8217;autore e da ogni altro diritto di propriet\u00e0 intellettuale. A titolo esemplificativo, non potrai alterare o, in altro modo, modificare i contenuti e le opere protette senza il consenso del Gestore e, ove necessario, dei singoli autori delle opere pubblicate su nortecsport.com<\/p>\n<ol start=\"3\">\n<li><strong> Marchi e nomi di dominio<\/strong><\/li>\n<\/ol>\n<p>Tutti gli altri segni distintivi che contraddistinguono i prodotti venduti su nortecsport.com e presenti sul sito web sono marchi registrati dei rispettivi titolari e sono utilizzati all&#8217;interno di nortecsport.com, al solo scopo di contraddistinguere, descrivere e pubblicizzare i prodotti in vendita su nortecsport.com Il Gestore e tutti gli altri titolari di marchi registrati hanno la facolt\u00e0 di far uso esclusivo dei marchi di rispettiva titolarit\u00e0. Qualsiasi uso di detti marchi non conforme alla legge e, in quanto non autorizzato, \u00e8 vietato e comporta conseguenze legali gravi. Non \u00e8 in alcun modo consentito usare detti marchi ed ogni altro segno distintivo presente su nortecsport.com per trarre indebitamente vantaggio dal carattere distintivo o dalla rinomanza di questi marchi o in modo da recare pregiudizio agli stessi ed ai loro titolari.<\/p>\n<ol start=\"4\">\n<li><strong> Links ad altri siti web<\/strong><\/li>\n<\/ol>\n<p>Nortecsport.com contiene collegamenti ipertestuali (i &#8220;links&#8221;) ad altri siti web che non hanno nessun collegamento con nortecsport.com. Il Gestore non controlla n\u00e9 compie operazioni di monitoraggio di tali siti web e dei loro contenuti. Il Gestore non potr\u00e0 essere ritenuto responsabile dei contenuti di questi siti e delle regole da questi adottate anche con riguardo alla tua privacy e al trattamento dei tuoi dati personali durante le tue operazioni di navigazione. Ti preghiamo quindi di prestare attenzione quando ti colleghi a questi siti web tramite i links presenti su nortecsport.com e di leggere attentamente le loro condizioni d&#8217;uso e regolamenti sulla privacy. Ti ricordiamo, infatti, che queste Condizioni Generali d&#8217;Uso e la Privacy Policy di nortecsport.com non si applicano ai siti web gestiti da altri soggetti differenti dal Gestore. Nortecsport.com fornisce links ad altri siti web unicamente per facilitare i propri utenti nella ricerca e nella navigazione e per agevolare il collegamento ipertestuale su Internet verso altri siti web. L&#8217;attivazione dei links non comporta nessuna raccomandazione o segnalazione del Gestore per l&#8217;accesso e la navigazione in questi siti web, n\u00e9 alcuna garanzia circa i loro contenuti, i servizi o beni da questi forniti e venduti agli utenti Internet.<\/p>\n<ol start=\"5\">\n<li><strong> Avvertenza sui contenuti<\/strong><\/li>\n<\/ol>\n<p>Il Gestore ha adottato ogni accorgimento per evitare che siano pubblicati, nel sito web, contenuti che descrivano o rappresentino scene o situazioni di violenza fisica o psicologica o tali che, secondo la sensibilit\u00e0 degli utenti di nortecsport.com, possano essere ritenuti lesivi delle convinzioni civili, dei diritti umani e della dignit\u00e0 delle persone, in tutte le sue forme ed espressioni. In ogni caso il Gestore non garantisce che i contenuti del sito web siano appropriati o leciti in altri Paesi, al di fuori dell&#8217;Austria. Tuttavia, qualora tali contenuti siano ritenuti non leciti o illegali in alcuni di questi Paesi, ti preghiamo di evitare di accedere al nostro sito web e ove scegliessi, in ogni caso, di accedervi, ti informiamo che l&#8217;uso che deciderai di fare dei servizi forniti da Nortecsport.com sar\u00e0 di tua esclusiva e personale responsabilit\u00e0. Il Gestore ha inoltre adottato ogni utile precauzione al fine di assicurare ai propri utenti che i contenuti di Nortecsport.com siano accurati e non contengano informazioni non corrette o non aggiornate, rispetto alla data della loro pubblicazione all&#8217;interno del sito web e, per quanto possibile, anche successivamente. Tuttavia il Gestore non assume nei confronti degli utenti alcuna responsabilit\u00e0 circa l&#8217;accuratezza e la completezza dei contenuti pubblicati su Nortecsport.com, fatta salva la propria responsabilit\u00e0 per dolo e colpa grave e salvo quanto diversamente previsto dalla legge. Il Gestore, inoltre, non pu\u00f2 garantire agli utenti che il sito web operi con continuit\u00e0, senza interruzioni ed in assenza di errori o di malfunzionamenti dovuti al collegamento ad Internet. Per qualsiasi problema riscontrato nell&#8217;uso del nostro sito web, contatta il seguente indirizzo di posta elettronica:\u00a0<a href=\"mailto:info@dudubags.net\">info@nortecsport.com<\/a>. Un responsabile sar\u00e0 a tua disposizione nel forniti assistenza e per aiutarti a ripristinare la funzionalit\u00e0 del tuo accesso al sito web, qualora ci\u00f2 sia possibile. Allo stesso modo, ti consigliamo di contattare il tuo fornitore di servizi Internet o di controllare che ogni dispositivo per la connessione ad Internet e l&#8217;accesso ai contenuti web sia attivato correttamente, compreso il tuo Internet browser. Sebbene il Gestore cercher\u00e0 di fare tutto il possibile per assicurare un accesso continuo al proprio sito web, la natura dinamica di Internet e dei suoi contenuti, potrebbe non consentire a Nortecsport.com di operare senza sospensioni, interruzioni o discontinuit\u00e0 dovuti alla necessit\u00e0 di operare aggiornamenti del sito web. Il Gestore ha adottato misure tecniche ed organizzative adeguate per salvaguardare la sicurezza dei propri servizi su Nortecsport.com, l&#8217;integrit\u00e0 dei dati relativi al traffico e alle comunicazioni elettroniche rispetto alle forme di utilizzazione o di cognizione non consentite nonch\u00e9 per evitare rischi di dispersione, di distruzione e di perdita di dati e di informazioni riservate e non, relative ai propri utenti, presenti su Nortecsport.com, ovvero di accesso non autorizzato, o non conforme alle norme di legge, ai dati e alle informazioni medesime.<\/p>\n<ol start=\"7\">\n<li><strong> La nostra politica commerciale<\/strong><\/li>\n<\/ol>\n<p>Il Gestore ha adottato una propria politica commerciale; la propria missione consiste nel vendere prodotti tramite i propri servizi ed il proprio sito web unicamente al &#8220;consumatore finale&#8221;, intendendosi con questo termine una persona fisica che agisca, su Nortecsport.com, per scopi estranei alla propria attivit\u00e0 commerciale, imprenditoriale o professionale eventualmente svolta. Se non sei un consumatore finale, ti preghiamo di non utilizzare i nostri servizi per acquistare, su Nortecsport.com, i prodotti e di contattare direttamente\u00a0<a href=\"mailto:info@dudubags.net\">info@nortecsport.com<\/a>. Il Gestore avr\u00e0, in caso contrario, la facolt\u00e0 di non prendere in considerazione gli ordini d&#8217;acquisto provenienti da soggetti che non siano consumatori finali ed ogni altro ordine d&#8217;acquisto che non sia conforme alle Condizioni Generali di Vendita e alle presenti Condizioni Generali d&#8217;Uso.<\/p>\n<ol start=\"8\">\n<li><strong> Legge applicabile e soluzione delle controversie<\/strong><\/li>\n<\/ol>\n<p>Queste Condizioni Generali d&#8217;Uso sono regolate dalla legge austriaca.<\/p>\n<p>&nbsp;<\/p>\n","protected":false},"excerpt":{"rendered":"<p>Se hai bisogno di assistenza visita l&#8217;area Contatti. Ricordati che puoi sempre contattare nortecsport.com tramite e-mail:\u00a0info@nortecsport.com. Per qualsiasi altra informazione legale, consulta le sezioni Condizioni Generali di Vendita, Diritto di recesso e Informativa sulla Privacy di nortecsport.com. Nortec Sport potr\u00e0 modificare o semplicemente aggiornare, in tutto o in parte, queste Condizioni Generali d&#8217;Uso. Le modifiche [&hellip;]<\/p>\n","protected":false},"author":1,"featured_media":0,"parent":0,"menu_order":0,"comment_status":"open","ping_status":"open","template":"","meta":{"spay_email":""},"acf":[],"yoast_head":"<!-- This site is optimized with the Yoast SEO plugin v19.10 - https:\/\/yoast.com\/wordpress\/plugins\/seo\/ -->\n<title>Condizioni d&#039;uso - Nortec Sport - ramponcini e catene per scarpa<\/title>\n<meta name=\"robots\" content=\"index, follow, max-snippet:-1, max-image-preview:large, max-video-preview:-1\" \/>\n<link rel=\"canonical\" href=\"https:\/\/eshop.nortecsport.com\/it\/condizioni-duso\/\" \/>\n<meta property=\"og:locale\" content=\"it_IT\" \/>\n<meta property=\"og:type\" content=\"article\" \/>\n<meta property=\"og:title\" content=\"Condizioni d&#039;uso - Nortec Sport - ramponcini e catene per scarpa\" \/>\n<meta property=\"og:description\" content=\"Se hai bisogno di assistenza visita l&#8217;area Contatti. Ricordati che puoi sempre contattare nortecsport.com tramite e-mail:\u00a0info@nortecsport.com. Per qualsiasi altra informazione legale, consulta le sezioni Condizioni Generali di Vendita, Diritto di recesso e Informativa sulla Privacy di nortecsport.com. Nortec Sport potr\u00e0 modificare o semplicemente aggiornare, in tutto o in parte, queste Condizioni Generali d&#8217;Uso. Le modifiche [&hellip;]\" \/>\n<meta property=\"og:url\" content=\"https:\/\/eshop.nortecsport.com\/it\/condizioni-duso\/\" \/>\n<meta property=\"og:site_name\" content=\"Nortec Sport - ramponcini e catene per scarpa\" \/>\n<meta property=\"article:modified_time\" content=\"2014-12-02T11:30:16+00:00\" \/>\n<meta name=\"twitter:card\" content=\"summary_large_image\" \/>\n<meta name=\"twitter:label1\" content=\"Tempo di lettura stimato\" \/>\n\t<meta name=\"twitter:data1\" content=\"10 minuti\" \/>\n<script type=\"application\/ld+json\" class=\"yoast-schema-graph\">{\"@context\":\"https:\/\/schema.org\",\"@graph\":[{\"@type\":\"WebPage\",\"@id\":\"https:\/\/eshop.nortecsport.com\/it\/condizioni-duso\/\",\"url\":\"https:\/\/eshop.nortecsport.com\/it\/condizioni-duso\/\",\"name\":\"Condizioni d'uso - Nortec Sport - ramponcini e catene per scarpa\",\"isPartOf\":{\"@id\":\"https:\/\/eshop.nortecsport.com\/de\/#website\"},\"datePublished\":\"2014-12-02T11:17:29+00:00\",\"dateModified\":\"2014-12-02T11:30:16+00:00\",\"breadcrumb\":{\"@id\":\"https:\/\/eshop.nortecsport.com\/it\/condizioni-duso\/#breadcrumb\"},\"inLanguage\":\"it-IT\",\"potentialAction\":[{\"@type\":\"ReadAction\",\"target\":[\"https:\/\/eshop.nortecsport.com\/it\/condizioni-duso\/\"]}]},{\"@type\":\"BreadcrumbList\",\"@id\":\"https:\/\/eshop.nortecsport.com\/it\/condizioni-duso\/#breadcrumb\",\"itemListElement\":[{\"@type\":\"ListItem\",\"position\":1,\"name\":\"Home\",\"item\":\"https:\/\/eshop.nortecsport.com\/it\/\"},{\"@type\":\"ListItem\",\"position\":2,\"name\":\"Condizioni d&#8217;uso\"}]},{\"@type\":\"WebSite\",\"@id\":\"https:\/\/eshop.nortecsport.com\/de\/#website\",\"url\":\"https:\/\/eshop.nortecsport.com\/de\/\",\"name\":\"Nortec Sport - ramponcini e catene per scarpa\",\"description\":\"Winter Running, Alpine Running and Trekking - running gear and micro crampons from NORTEC.\",\"potentialAction\":[{\"@type\":\"SearchAction\",\"target\":{\"@type\":\"EntryPoint\",\"urlTemplate\":\"https:\/\/eshop.nortecsport.com\/de\/?s={search_term_string}\"},\"query-input\":\"required name=search_term_string\"}],\"inLanguage\":\"it-IT\"}]}<\/script>\n<!-- \/ Yoast SEO plugin. -->","yoast_head_json":{"title":"Condizioni d'uso - Nortec Sport - ramponcini e catene per scarpa","robots":{"index":"index","follow":"follow","max-snippet":"max-snippet:-1","max-image-preview":"max-image-preview:large","max-video-preview":"max-video-preview:-1"},"canonical":"https:\/\/eshop.nortecsport.com\/it\/condizioni-duso\/","og_locale":"it_IT","og_type":"article","og_title":"Condizioni d'uso - Nortec Sport - ramponcini e catene per scarpa","og_description":"Se hai bisogno di assistenza visita l&#8217;area Contatti. Ricordati che puoi sempre contattare nortecsport.com tramite e-mail:\u00a0info@nortecsport.com. Per qualsiasi altra informazione legale, consulta le sezioni Condizioni Generali di Vendita, Diritto di recesso e Informativa sulla Privacy di nortecsport.com. Nortec Sport potr\u00e0 modificare o semplicemente aggiornare, in tutto o in parte, queste Condizioni Generali d&#8217;Uso. Le modifiche [&hellip;]","og_url":"https:\/\/eshop.nortecsport.com\/it\/condizioni-duso\/","og_site_name":"Nortec Sport - ramponcini e catene per scarpa","article_modified_time":"2014-12-02T11:30:16+00:00","twitter_card":"summary_large_image","twitter_misc":{"Tempo di lettura stimato":"10 minuti"},"schema":{"@context":"https:\/\/schema.org","@graph":[{"@type":"WebPage","@id":"https:\/\/eshop.nortecsport.com\/it\/condizioni-duso\/","url":"https:\/\/eshop.nortecsport.com\/it\/condizioni-duso\/","name":"Condizioni d'uso - Nortec Sport - ramponcini e catene per scarpa","isPartOf":{"@id":"https:\/\/eshop.nortecsport.com\/de\/#website"},"datePublished":"2014-12-02T11:17:29+00:00","dateModified":"2014-12-02T11:30:16+00:00","breadcrumb":{"@id":"https:\/\/eshop.nortecsport.com\/it\/condizioni-duso\/#breadcrumb"},"inLanguage":"it-IT","potentialAction":[{"@type":"ReadAction","target":["https:\/\/eshop.nortecsport.com\/it\/condizioni-duso\/"]}]},{"@type":"BreadcrumbList","@id":"https:\/\/eshop.nortecsport.com\/it\/condizioni-duso\/#breadcrumb","itemListElement":[{"@type":"ListItem","position":1,"name":"Home","item":"https:\/\/eshop.nortecsport.com\/it\/"},{"@type":"ListItem","position":2,"name":"Condizioni d&#8217;uso"}]},{"@type":"WebSite","@id":"https:\/\/eshop.nortecsport.com\/de\/#website","url":"https:\/\/eshop.nortecsport.com\/de\/","name":"Nortec Sport - ramponcini e catene per scarpa","description":"Winter Running, Alpine Running and Trekking - running gear and micro crampons from NORTEC.","potentialAction":[{"@type":"SearchAction","target":{"@type":"EntryPoint","urlTemplate":"https:\/\/eshop.nortecsport.com\/de\/?s={search_term_string}"},"query-input":"required name=search_term_string"}],"inLanguage":"it-IT"}]}},"jetpack_sharing_enabled":true,"jetpack_shortlink":"https:\/\/wp.me\/P5rzCo-fM","_links":{"self":[{"href":"https:\/\/eshop.nortecsport.com\/it\/wp-json\/wp\/v2\/pages\/978"}],"collection":[{"href":"https:\/\/eshop.nortecsport.com\/it\/wp-json\/wp\/v2\/pages"}],"about":[{"href":"https:\/\/eshop.nortecsport.com\/it\/wp-json\/wp\/v2\/types\/page"}],"author":[{"embeddable":true,"href":"https:\/\/eshop.nortecsport.com\/it\/wp-json\/wp\/v2\/users\/1"}],"replies":[{"embeddable":true,"href":"https:\/\/eshop.nortecsport.com\/it\/wp-json\/wp\/v2\/comments?post=978"}],"version-history":[{"count":1,"href":"https:\/\/eshop.nortecsport.com\/it\/wp-json\/wp\/v2\/pages\/978\/revisions"}],"predecessor-version":[{"id":979,"href":"https:\/\/eshop.nortecsport.com\/it\/wp-json\/wp\/v2\/pages\/978\/revisions\/979"}],"wp:attachment":[{"href":"https:\/\/eshop.nortecsport.com\/it\/wp-json\/wp\/v2\/media?parent=978"}],"curies":[{"name":"wp","href":"https:\/\/api.w.org\/{rel}","templated":true}]}}