{"id":4520,"date":"2019-09-26T16:16:24","date_gmt":"2019-09-26T14:16:24","guid":{"rendered":"https:\/\/eshop.nortecsport.com\/de\/product\/micro-gaiter\/"},"modified":"2022-04-01T01:00:14","modified_gmt":"2022-03-31T23:00:14","slug":"micro-gaiter","status":"publish","type":"product","link":"https:\/\/eshop.nortecsport.com\/de\/produkt\/micro-gaiter\/","title":{"rendered":"Micro Gaiter"},"content":{"rendered":"<div class=\"et_pb_module et_pb_text et_pb_text_1 et_pb_bg_layout_light et_pb_text_align_left\">\n<div class=\"et_pb_text_inner\">\n<p>Die NORTEC Micro Gamasche schafft ein geschlossenes System rund um den oberen Teil des Schuhs und des Kn\u00f6chels. Damit wird verhindert, dass Schnee, Schlamm, Kies oder N\u00e4sse in den Schuh eindringen \u2013 und das Laufen damit unm\u00f6glich wird. In Kombination mit einem Berglaufschuh mit Gore-Tex Membran bleibt der Fu\u00df dadurch<strong>\u00a0vollkommen trocken und sauber<\/strong>\u00a0und die\u00a0<strong>optimale W\u00e4rmeregulierung<\/strong>\u00a0des Fu\u00dfes wird beg\u00fcnstigt.<\/p>\n<p>Die neuen MICRO GAITER erf\u00fcllen alle Anforderungen, die Athleten an eine hochqualitative Laufausr\u00fcstung f\u00fcr den Winter haben. Durch eine<strong>\u00a0Seamless-Technologie<\/strong>\u00a0(ohne N\u00e4hte) erreicht man ein vollst\u00e4ndig dichtes System, welches in Kombination\u00a0 mit Velcroband, Speed Lace und Rei\u00dfverschluss gew\u00e4hrleistet, dass weder Schnee noch Feuchtigkeit eindringt.<\/p>\n<\/div>\n<\/div>\n","protected":false},"excerpt":{"rendered":"<p>Versand innerhalb von 24 Stunden<\/p>\n","protected":false},"featured_media":3663,"comment_status":"open","ping_status":"closed","template":"","meta":{"spay_email":"","jetpack_publicize_message":"","jetpack_is_tweetstorm":false,"jetpack_publicize_feature_enabled":true},"product_cat":[222,223],"product_tag":[201,202,264,203,204,205,206],"acf":[],"yoast_head":"<!-- This site is optimized with the Yoast SEO plugin v19.10 - https:\/\/yoast.com\/wordpress\/plugins\/seo\/ -->\n<title>Micro Gaiter - Nortec Sport - Micro Crampons &amp; Running Gear<\/title>\n<meta name=\"robots\" content=\"index, follow, max-snippet:-1, max-image-preview:large, max-video-preview:-1\" \/>\n<link rel=\"canonical\" href=\"https:\/\/eshop.nortecsport.com\/de\/produkt\/micro-gaiter\/\" \/>\n<meta property=\"og:locale\" content=\"de_DE\" \/>\n<meta property=\"og:type\" content=\"article\" \/>\n<meta property=\"og:title\" content=\"Micro Gaiter - Nortec Sport - Micro Crampons &amp; Running Gear\" \/>\n<meta property=\"og:description\" content=\"Versand innerhalb von 24 Stunden\" \/>\n<meta property=\"og:url\" content=\"https:\/\/eshop.nortecsport.com\/de\/produkt\/micro-gaiter\/\" \/>\n<meta property=\"og:site_name\" content=\"Nortec Sport - Micro Crampons &amp; Running Gear\" \/>\n<meta property=\"article:modified_time\" content=\"2022-03-31T23:00:14+00:00\" \/>\n<meta property=\"og:image\" content=\"https:\/\/eshop.nortecsport.com\/wp-content\/uploads\/2018\/11\/NORTEC_Gaiter_Hauptbild_1.jpg\" \/>\n\t<meta property=\"og:image:width\" content=\"1000\" \/>\n\t<meta property=\"og:image:height\" content=\"955\" \/>\n\t<meta property=\"og:image:type\" content=\"image\/jpeg\" \/>\n<meta name=\"twitter:card\" content=\"summary_large_image\" \/>\n<meta name=\"twitter:label1\" content=\"Gesch\u00e4tzte Lesezeit\" \/>\n\t<meta name=\"twitter:data1\" content=\"1 Minute\" \/>\n<script type=\"application\/ld+json\" class=\"yoast-schema-graph\">{\"@context\":\"https:\/\/schema.org\",\"@graph\":[{\"@type\":\"WebPage\",\"@id\":\"https:\/\/eshop.nortecsport.com\/de\/produkt\/micro-gaiter\/\",\"url\":\"https:\/\/eshop.nortecsport.com\/de\/produkt\/micro-gaiter\/\",\"name\":\"Micro Gaiter - Nortec Sport - Micro Crampons &amp; Running Gear\",\"isPartOf\":{\"@id\":\"https:\/\/eshop.nortecsport.com\/de\/#website\"},\"datePublished\":\"2019-09-26T14:16:24+00:00\",\"dateModified\":\"2022-03-31T23:00:14+00:00\",\"breadcrumb\":{\"@id\":\"https:\/\/eshop.nortecsport.com\/de\/produkt\/micro-gaiter\/#breadcrumb\"},\"inLanguage\":\"de-DE\",\"potentialAction\":[{\"@type\":\"ReadAction\",\"target\":[\"https:\/\/eshop.nortecsport.com\/de\/produkt\/micro-gaiter\/\"]}]},{\"@type\":\"BreadcrumbList\",\"@id\":\"https:\/\/eshop.nortecsport.com\/de\/produkt\/micro-gaiter\/#breadcrumb\",\"itemListElement\":[{\"@type\":\"ListItem\",\"position\":1,\"name\":\"Home\",\"item\":\"https:\/\/eshop.nortecsport.com\/de\/\"},{\"@type\":\"ListItem\",\"position\":2,\"name\":\"Shop\",\"item\":\"https:\/\/eshop.nortecsport.com\/shop\/\"},{\"@type\":\"ListItem\",\"position\":3,\"name\":\"Micro Gaiter\"}]},{\"@type\":\"WebSite\",\"@id\":\"https:\/\/eshop.nortecsport.com\/de\/#website\",\"url\":\"https:\/\/eshop.nortecsport.com\/de\/\",\"name\":\"Nortec Sport - Micro Crampons &amp; Running Gear\",\"description\":\"Winter Running, Alpine Running and Trekking - running gear and micro crampons from NORTEC.\",\"potentialAction\":[{\"@type\":\"SearchAction\",\"target\":{\"@type\":\"EntryPoint\",\"urlTemplate\":\"https:\/\/eshop.nortecsport.com\/de\/?s={search_term_string}\"},\"query-input\":\"required name=search_term_string\"}],\"inLanguage\":\"de-DE\"}]}<\/script>\n<!-- \/ Yoast SEO plugin. -->","yoast_head_json":{"title":"Micro Gaiter - Nortec Sport - Micro Crampons &amp; Running Gear","robots":{"index":"index","follow":"follow","max-snippet":"max-snippet:-1","max-image-preview":"max-image-preview:large","max-video-preview":"max-video-preview:-1"},"canonical":"https:\/\/eshop.nortecsport.com\/de\/produkt\/micro-gaiter\/","og_locale":"de_DE","og_type":"article","og_title":"Micro Gaiter - Nortec Sport - Micro Crampons &amp; Running Gear","og_description":"Versand innerhalb von 24 Stunden","og_url":"https:\/\/eshop.nortecsport.com\/de\/produkt\/micro-gaiter\/","og_site_name":"Nortec Sport - Micro Crampons &amp; Running Gear","article_modified_time":"2022-03-31T23:00:14+00:00","og_image":[{"width":1000,"height":955,"url":"https:\/\/eshop.nortecsport.com\/wp-content\/uploads\/2018\/11\/NORTEC_Gaiter_Hauptbild_1.jpg","type":"image\/jpeg"}],"twitter_card":"summary_large_image","twitter_misc":{"Gesch\u00e4tzte Lesezeit":"1 Minute"},"schema":{"@context":"https:\/\/schema.org","@graph":[{"@type":"WebPage","@id":"https:\/\/eshop.nortecsport.com\/de\/produkt\/micro-gaiter\/","url":"https:\/\/eshop.nortecsport.com\/de\/produkt\/micro-gaiter\/","name":"Micro Gaiter - Nortec Sport - Micro Crampons &amp; Running Gear","isPartOf":{"@id":"https:\/\/eshop.nortecsport.com\/de\/#website"},"datePublished":"2019-09-26T14:16:24+00:00","dateModified":"2022-03-31T23:00:14+00:00","breadcrumb":{"@id":"https:\/\/eshop.nortecsport.com\/de\/produkt\/micro-gaiter\/#breadcrumb"},"inLanguage":"de-DE","potentialAction":[{"@type":"ReadAction","target":["https:\/\/eshop.nortecsport.com\/de\/produkt\/micro-gaiter\/"]}]},{"@type":"BreadcrumbList","@id":"https:\/\/eshop.nortecsport.com\/de\/produkt\/micro-gaiter\/#breadcrumb","itemListElement":[{"@type":"ListItem","position":1,"name":"Home","item":"https:\/\/eshop.nortecsport.com\/de\/"},{"@type":"ListItem","position":2,"name":"Shop","item":"https:\/\/eshop.nortecsport.com\/shop\/"},{"@type":"ListItem","position":3,"name":"Micro Gaiter"}]},{"@type":"WebSite","@id":"https:\/\/eshop.nortecsport.com\/de\/#website","url":"https:\/\/eshop.nortecsport.com\/de\/","name":"Nortec Sport - Micro Crampons &amp; Running Gear","description":"Winter Running, Alpine Running and Trekking - running gear and micro crampons from NORTEC.","potentialAction":[{"@type":"SearchAction","target":{"@type":"EntryPoint","urlTemplate":"https:\/\/eshop.nortecsport.com\/de\/?s={search_term_string}"},"query-input":"required name=search_term_string"}],"inLanguage":"de-DE"}]}},"jetpack_publicize_connections":[],"jetpack_sharing_enabled":true,"_links":{"self":[{"href":"https:\/\/eshop.nortecsport.com\/de\/wp-json\/wp\/v2\/product\/4520"}],"collection":[{"href":"https:\/\/eshop.nortecsport.com\/de\/wp-json\/wp\/v2\/product"}],"about":[{"href":"https:\/\/eshop.nortecsport.com\/de\/wp-json\/wp\/v2\/types\/product"}],"replies":[{"embeddable":true,"href":"https:\/\/eshop.nortecsport.com\/de\/wp-json\/wp\/v2\/comments?post=4520"}],"wp:featuredmedia":[{"embeddable":true,"href":"https:\/\/eshop.nortecsport.com\/de\/wp-json\/wp\/v2\/media\/3663"}],"wp:attachment":[{"href":"https:\/\/eshop.nortecsport.com\/de\/wp-json\/wp\/v2\/media?parent=4520"}],"wp:term":[{"taxonomy":"product_cat","embeddable":true,"href":"https:\/\/eshop.nortecsport.com\/de\/wp-json\/wp\/v2\/product_cat?post=4520"},{"taxonomy":"product_tag","embeddable":true,"href":"https:\/\/eshop.nortecsport.com\/de\/wp-json\/wp\/v2\/product_tag?post=4520"}],"curies":[{"name":"wp","href":"https:\/\/api.w.org\/{rel}","templated":true}]}}