{"id":4493,"date":"2019-09-26T15:44:48","date_gmt":"2019-09-26T13:57:46","guid":{"rendered":"https:\/\/eshop.nortecsport.com\/de\/?post_type=product&#038;p=4493"},"modified":"2022-04-01T01:00:13","modified_gmt":"2022-03-31T23:00:13","slug":"running-belt-trail-sensitive","status":"publish","type":"product","link":"https:\/\/eshop.nortecsport.com\/de\/produkt\/running-belt-trail-sensitive\/","title":{"rendered":"Running Belt TRAIL SENSITIVE"},"content":{"rendered":"<p>H\u00fcftg\u00fcrtel aus elastischem und ultraleichtem technischem Material f\u00fcr eine perfekte Passform an der Taille. Erm\u00f6glicht es L\u00e4ufern und Wanderern, alles Notwendige f\u00fcr Rennen, Trainings oder Ausfl\u00fcge mitzunehmen.\u00a0Die Passform \u201eSLIM Fit\u201c und das Gewebe sorgen f\u00fcr eine gleichm\u00e4\u00dfige Verteilung des Gewichts.<\/p>\n<h3>BESCHREIBUNG<\/h3>\n<ul>\n<li>Eine XL-Handytasche aus wasserabweisendem Material (16 cm) vorne<\/li>\n<li>Zwei gro\u00dfe Front-\/Seitennetztaschen f\u00fcr Trinktubes bis 250 ml, Gel und Riegel<\/li>\n<li>Schl\u00fcsselringtasche inkl. Klettschlaufe<\/li>\n<li>Eine gro\u00dfe Vorder-\/Seitentasche f\u00fcr Micro Crampons oder Windjacke<\/li>\n<li>Eine r\u00f6hrenf\u00f6rmige Ges\u00e4\u00dftasche f\u00fcr Trekking-Poles oder weiche Trinkflasche bis zu 500 ml mit \u00dcberfach<\/li>\n<li>Zwei elastische Schlaufen hinten<\/li>\n<\/ul>\n<h3>PRODUKTVIDEO:<\/h3>\n<p><span class=\"embed-youtube\" style=\"text-align:center; display: block;\"><iframe loading=\"lazy\" class=\"youtube-player\" width=\"1500\" height=\"844\" src=\"https:\/\/www.youtube.com\/embed\/7MdnrrBFtHc?version=3&#038;rel=1&#038;showsearch=0&#038;showinfo=1&#038;iv_load_policy=1&#038;fs=1&#038;hl=de-DE&#038;autohide=2&#038;wmode=transparent\" allowfullscreen=\"true\" style=\"border:0;\" sandbox=\"allow-scripts allow-same-origin allow-popups allow-presentation\"><\/iframe><\/span><\/p>\n","protected":false},"excerpt":{"rendered":"<p>Versand innerhalb von 24 Stunden<\/p>\n","protected":false},"featured_media":4471,"comment_status":"open","ping_status":"closed","template":"","meta":{"spay_email":"","jetpack_publicize_message":"","jetpack_is_tweetstorm":false,"jetpack_publicize_feature_enabled":true},"product_cat":[222,223],"product_tag":[203,174,268],"acf":[],"yoast_head":"<!-- This site is optimized with the Yoast SEO plugin v19.10 - https:\/\/yoast.com\/wordpress\/plugins\/seo\/ -->\n<title>Running Belt TRAIL SENSITIVE - Nortec Sport - Micro Crampons &amp; Running Gear<\/title>\n<meta name=\"robots\" content=\"index, follow, max-snippet:-1, max-image-preview:large, max-video-preview:-1\" \/>\n<link rel=\"canonical\" href=\"https:\/\/eshop.nortecsport.com\/de\/produkt\/running-belt-trail-sensitive\/\" \/>\n<meta property=\"og:locale\" content=\"de_DE\" \/>\n<meta property=\"og:type\" content=\"article\" \/>\n<meta property=\"og:title\" content=\"Running Belt TRAIL SENSITIVE - Nortec Sport - Micro Crampons &amp; Running Gear\" \/>\n<meta property=\"og:description\" content=\"Versand innerhalb von 24 Stunden\" \/>\n<meta property=\"og:url\" content=\"https:\/\/eshop.nortecsport.com\/de\/produkt\/running-belt-trail-sensitive\/\" \/>\n<meta property=\"og:site_name\" content=\"Nortec Sport - Micro Crampons &amp; Running Gear\" \/>\n<meta property=\"article:modified_time\" content=\"2022-03-31T23:00:13+00:00\" \/>\n<meta property=\"og:image\" content=\"https:\/\/eshop.nortecsport.com\/wp-content\/uploads\/2019\/09\/belt_main.jpg\" \/>\n\t<meta property=\"og:image:width\" content=\"1936\" \/>\n\t<meta property=\"og:image:height\" content=\"1700\" \/>\n\t<meta property=\"og:image:type\" content=\"image\/jpeg\" \/>\n<meta name=\"twitter:card\" content=\"summary_large_image\" \/>\n<meta name=\"twitter:label1\" content=\"Gesch\u00e4tzte Lesezeit\" \/>\n\t<meta name=\"twitter:data1\" content=\"1 Minute\" \/>\n<script type=\"application\/ld+json\" class=\"yoast-schema-graph\">{\"@context\":\"https:\/\/schema.org\",\"@graph\":[{\"@type\":\"WebPage\",\"@id\":\"https:\/\/eshop.nortecsport.com\/de\/produkt\/running-belt-trail-sensitive\/\",\"url\":\"https:\/\/eshop.nortecsport.com\/de\/produkt\/running-belt-trail-sensitive\/\",\"name\":\"Running Belt TRAIL SENSITIVE - Nortec Sport - Micro Crampons &amp; Running Gear\",\"isPartOf\":{\"@id\":\"https:\/\/eshop.nortecsport.com\/de\/#website\"},\"datePublished\":\"2019-09-26T13:57:46+00:00\",\"dateModified\":\"2022-03-31T23:00:13+00:00\",\"breadcrumb\":{\"@id\":\"https:\/\/eshop.nortecsport.com\/de\/produkt\/running-belt-trail-sensitive\/#breadcrumb\"},\"inLanguage\":\"de-DE\",\"potentialAction\":[{\"@type\":\"ReadAction\",\"target\":[\"https:\/\/eshop.nortecsport.com\/de\/produkt\/running-belt-trail-sensitive\/\"]}]},{\"@type\":\"BreadcrumbList\",\"@id\":\"https:\/\/eshop.nortecsport.com\/de\/produkt\/running-belt-trail-sensitive\/#breadcrumb\",\"itemListElement\":[{\"@type\":\"ListItem\",\"position\":1,\"name\":\"Home\",\"item\":\"https:\/\/eshop.nortecsport.com\/de\/\"},{\"@type\":\"ListItem\",\"position\":2,\"name\":\"Shop\",\"item\":\"https:\/\/eshop.nortecsport.com\/shop\/\"},{\"@type\":\"ListItem\",\"position\":3,\"name\":\"Running Belt TRAIL SENSITIVE\"}]},{\"@type\":\"WebSite\",\"@id\":\"https:\/\/eshop.nortecsport.com\/de\/#website\",\"url\":\"https:\/\/eshop.nortecsport.com\/de\/\",\"name\":\"Nortec Sport - Micro Crampons &amp; Running Gear\",\"description\":\"Winter Running, Alpine Running and Trekking - running gear and micro crampons from NORTEC.\",\"potentialAction\":[{\"@type\":\"SearchAction\",\"target\":{\"@type\":\"EntryPoint\",\"urlTemplate\":\"https:\/\/eshop.nortecsport.com\/de\/?s={search_term_string}\"},\"query-input\":\"required name=search_term_string\"}],\"inLanguage\":\"de-DE\"}]}<\/script>\n<!-- \/ Yoast SEO plugin. -->","yoast_head_json":{"title":"Running Belt TRAIL SENSITIVE - Nortec Sport - Micro Crampons &amp; Running Gear","robots":{"index":"index","follow":"follow","max-snippet":"max-snippet:-1","max-image-preview":"max-image-preview:large","max-video-preview":"max-video-preview:-1"},"canonical":"https:\/\/eshop.nortecsport.com\/de\/produkt\/running-belt-trail-sensitive\/","og_locale":"de_DE","og_type":"article","og_title":"Running Belt TRAIL SENSITIVE - Nortec Sport - Micro Crampons &amp; Running Gear","og_description":"Versand innerhalb von 24 Stunden","og_url":"https:\/\/eshop.nortecsport.com\/de\/produkt\/running-belt-trail-sensitive\/","og_site_name":"Nortec Sport - Micro Crampons &amp; Running Gear","article_modified_time":"2022-03-31T23:00:13+00:00","og_image":[{"width":1936,"height":1700,"url":"https:\/\/eshop.nortecsport.com\/wp-content\/uploads\/2019\/09\/belt_main.jpg","type":"image\/jpeg"}],"twitter_card":"summary_large_image","twitter_misc":{"Gesch\u00e4tzte Lesezeit":"1 Minute"},"schema":{"@context":"https:\/\/schema.org","@graph":[{"@type":"WebPage","@id":"https:\/\/eshop.nortecsport.com\/de\/produkt\/running-belt-trail-sensitive\/","url":"https:\/\/eshop.nortecsport.com\/de\/produkt\/running-belt-trail-sensitive\/","name":"Running Belt TRAIL SENSITIVE - Nortec Sport - Micro Crampons &amp; Running Gear","isPartOf":{"@id":"https:\/\/eshop.nortecsport.com\/de\/#website"},"datePublished":"2019-09-26T13:57:46+00:00","dateModified":"2022-03-31T23:00:13+00:00","breadcrumb":{"@id":"https:\/\/eshop.nortecsport.com\/de\/produkt\/running-belt-trail-sensitive\/#breadcrumb"},"inLanguage":"de-DE","potentialAction":[{"@type":"ReadAction","target":["https:\/\/eshop.nortecsport.com\/de\/produkt\/running-belt-trail-sensitive\/"]}]},{"@type":"BreadcrumbList","@id":"https:\/\/eshop.nortecsport.com\/de\/produkt\/running-belt-trail-sensitive\/#breadcrumb","itemListElement":[{"@type":"ListItem","position":1,"name":"Home","item":"https:\/\/eshop.nortecsport.com\/de\/"},{"@type":"ListItem","position":2,"name":"Shop","item":"https:\/\/eshop.nortecsport.com\/shop\/"},{"@type":"ListItem","position":3,"name":"Running Belt TRAIL SENSITIVE"}]},{"@type":"WebSite","@id":"https:\/\/eshop.nortecsport.com\/de\/#website","url":"https:\/\/eshop.nortecsport.com\/de\/","name":"Nortec Sport - Micro Crampons &amp; Running Gear","description":"Winter Running, Alpine Running and Trekking - running gear and micro crampons from NORTEC.","potentialAction":[{"@type":"SearchAction","target":{"@type":"EntryPoint","urlTemplate":"https:\/\/eshop.nortecsport.com\/de\/?s={search_term_string}"},"query-input":"required name=search_term_string"}],"inLanguage":"de-DE"}]}},"jetpack_publicize_connections":[],"jetpack_sharing_enabled":true,"_links":{"self":[{"href":"https:\/\/eshop.nortecsport.com\/de\/wp-json\/wp\/v2\/product\/4493"}],"collection":[{"href":"https:\/\/eshop.nortecsport.com\/de\/wp-json\/wp\/v2\/product"}],"about":[{"href":"https:\/\/eshop.nortecsport.com\/de\/wp-json\/wp\/v2\/types\/product"}],"replies":[{"embeddable":true,"href":"https:\/\/eshop.nortecsport.com\/de\/wp-json\/wp\/v2\/comments?post=4493"}],"wp:featuredmedia":[{"embeddable":true,"href":"https:\/\/eshop.nortecsport.com\/de\/wp-json\/wp\/v2\/media\/4471"}],"wp:attachment":[{"href":"https:\/\/eshop.nortecsport.com\/de\/wp-json\/wp\/v2\/media?parent=4493"}],"wp:term":[{"taxonomy":"product_cat","embeddable":true,"href":"https:\/\/eshop.nortecsport.com\/de\/wp-json\/wp\/v2\/product_cat?post=4493"},{"taxonomy":"product_tag","embeddable":true,"href":"https:\/\/eshop.nortecsport.com\/de\/wp-json\/wp\/v2\/product_tag?post=4493"}],"curies":[{"name":"wp","href":"https:\/\/api.w.org\/{rel}","templated":true}]}}