{"id":402,"date":"2014-11-24T17:47:39","date_gmt":"2014-11-24T17:47:39","guid":{"rendered":"https:\/\/eshop.nortecsport.com\/products\/alp-2"},"modified":"2025-12-29T13:24:09","modified_gmt":"2025-12-29T12:24:09","slug":"alp","status":"publish","type":"product","link":"https:\/\/eshop.nortecsport.com\/de\/produkt\/alp\/","title":{"rendered":"Alp 2.0"},"content":{"rendered":"<div class=\"et_pb_module et_pb_text et_pb_text_0 et_pb_text_align_left et_pb_bg_layout_light\">\n<div class=\"et_pb_text_inner\">\n<div class=\"et_pb_module et_pb_text et_pb_text_0 et_pb_text_align_left et_pb_bg_layout_light\">\n<div class=\"et_pb_text_inner\">\n<h2>ALP 2.0 \u2013 LIGHT MOUNTAINEERING<\/h2>\n<\/div>\n<\/div>\n<\/div>\n<\/div>\n<ul>\n<li>Neuer Puller zum einfachen Auf- und Abziehen am Schuh<\/li>\n<li>Quick-fit und exzellente Haftung am Schuh durch einen Klettverschluss \u00fcber dem Fu\u00df<\/li>\n<li>Ideal f\u00fcr Eis, harten Schnee und gefrorenes Unterholz dank der Spitzen in unterschiedlichen L\u00e4ngen<\/li>\n<li>Vordere bewegbare Steigeisen um die Ansammlungen von Schnee und Eis zu verhindern<\/li>\n<li>Frontb\u00fcgel auf der Schuhspitze f\u00fcr mehr Stabilit\u00e4t<\/li>\n<li>Praktische und robuste Tasche aus Polyester<\/li>\n<li><strong>Standardgr\u00f6\u00dfen, optimiert f\u00fcr leichte Bergschuhe.<\/strong><\/li>\n<\/ul>\n<p><a href=\"https:\/\/eshop.nortecsport.com\/wp-content\/uploads\/2025\/10\/sizes-alp.png\"><img loading=\"lazy\" class=\"alignnone size-full wp-image-9851\" src=\"https:\/\/eshop.nortecsport.com\/wp-content\/uploads\/2025\/10\/sizes-alp.png\" alt=\"\" width=\"969\" height=\"366\" srcset=\"https:\/\/eshop.nortecsport.com\/wp-content\/uploads\/2025\/10\/sizes-alp.png 969w, https:\/\/eshop.nortecsport.com\/wp-content\/uploads\/2025\/10\/sizes-alp-300x113.png 300w, https:\/\/eshop.nortecsport.com\/wp-content\/uploads\/2025\/10\/sizes-alp-768x290.png 768w, https:\/\/eshop.nortecsport.com\/wp-content\/uploads\/2025\/10\/sizes-alp-705x266.png 705w, https:\/\/eshop.nortecsport.com\/wp-content\/uploads\/2025\/10\/sizes-alp-450x170.png 450w\" sizes=\"(max-width: 969px) 100vw, 969px\" \/><\/a><\/p>\n","protected":false},"excerpt":{"rendered":"<p class=\"p1\">[av_two_third first]Versand innerhalb von 24 Stunden[\/av_two_third]<\/p>\n[av_one_third][av_button label='Die richtige Gr\u00f6\u00dfe ermitteln' link='https:\/\/eshop.nortecsport.com\/wp-content\/uploads\/2014\/11\/NORTEC_Sizetable2025_DE_Alp.pdf' link_target='_blank' size='small' position='right' icon_select='yes' icon_hover='aviaTBicon_hover' icon='ue81f' font='entypo-fontello' color='theme-color' custom_bg='#444444' custom_font='#ffffff'][\/av_one_third]\n","protected":false},"featured_media":6568,"comment_status":"open","ping_status":"closed","template":"","meta":{"spay_email":"","jetpack_publicize_message":"","jetpack_is_tweetstorm":false,"jetpack_publicize_feature_enabled":true},"product_cat":[223,9],"product_tag":[],"acf":[],"yoast_head":"<!-- This site is optimized with the Yoast SEO plugin v19.10 - https:\/\/yoast.com\/wordpress\/plugins\/seo\/ -->\n<title>Alp 2.0 - Nortec Sport - Micro Crampons &amp; Running Gear<\/title>\n<meta name=\"robots\" content=\"index, follow, max-snippet:-1, max-image-preview:large, max-video-preview:-1\" \/>\n<link rel=\"canonical\" href=\"https:\/\/eshop.nortecsport.com\/de\/produkt\/alp\/\" \/>\n<meta property=\"og:locale\" content=\"de_DE\" \/>\n<meta property=\"og:type\" content=\"article\" \/>\n<meta property=\"og:title\" content=\"Alp 2.0 - Nortec Sport - Micro Crampons &amp; Running Gear\" \/>\n<meta property=\"og:url\" content=\"https:\/\/eshop.nortecsport.com\/de\/produkt\/alp\/\" \/>\n<meta property=\"og:site_name\" content=\"Nortec Sport - Micro Crampons &amp; Running Gear\" \/>\n<meta property=\"article:modified_time\" content=\"2025-12-29T12:24:09+00:00\" \/>\n<meta property=\"og:image\" content=\"https:\/\/eshop.nortecsport.com\/wp-content\/uploads\/2014\/11\/Alp2021_Main.jpg\" \/>\n\t<meta property=\"og:image:width\" content=\"1200\" \/>\n\t<meta property=\"og:image:height\" content=\"1200\" \/>\n\t<meta property=\"og:image:type\" content=\"image\/jpeg\" \/>\n<meta name=\"twitter:card\" content=\"summary_large_image\" \/>\n<meta name=\"twitter:label1\" content=\"Gesch\u00e4tzte Lesezeit\" \/>\n\t<meta name=\"twitter:data1\" content=\"1 Minute\" \/>\n<script type=\"application\/ld+json\" class=\"yoast-schema-graph\">{\"@context\":\"https:\/\/schema.org\",\"@graph\":[{\"@type\":\"WebPage\",\"@id\":\"https:\/\/eshop.nortecsport.com\/de\/produkt\/alp\/\",\"url\":\"https:\/\/eshop.nortecsport.com\/de\/produkt\/alp\/\",\"name\":\"Alp 2.0 - Nortec Sport - Micro Crampons &amp; Running Gear\",\"isPartOf\":{\"@id\":\"https:\/\/eshop.nortecsport.com\/de\/#website\"},\"datePublished\":\"2014-11-24T17:47:39+00:00\",\"dateModified\":\"2025-12-29T12:24:09+00:00\",\"breadcrumb\":{\"@id\":\"https:\/\/eshop.nortecsport.com\/de\/produkt\/alp\/#breadcrumb\"},\"inLanguage\":\"de-DE\",\"potentialAction\":[{\"@type\":\"ReadAction\",\"target\":[\"https:\/\/eshop.nortecsport.com\/de\/produkt\/alp\/\"]}]},{\"@type\":\"BreadcrumbList\",\"@id\":\"https:\/\/eshop.nortecsport.com\/de\/produkt\/alp\/#breadcrumb\",\"itemListElement\":[{\"@type\":\"ListItem\",\"position\":1,\"name\":\"Home\",\"item\":\"https:\/\/eshop.nortecsport.com\/de\/\"},{\"@type\":\"ListItem\",\"position\":2,\"name\":\"Shop\",\"item\":\"https:\/\/eshop.nortecsport.com\/shop\/\"},{\"@type\":\"ListItem\",\"position\":3,\"name\":\"Alp 2.0\"}]},{\"@type\":\"WebSite\",\"@id\":\"https:\/\/eshop.nortecsport.com\/de\/#website\",\"url\":\"https:\/\/eshop.nortecsport.com\/de\/\",\"name\":\"Nortec Sport - Micro Crampons &amp; Running Gear\",\"description\":\"Winter Running, Alpine Running and Trekking - running gear and micro crampons from NORTEC.\",\"potentialAction\":[{\"@type\":\"SearchAction\",\"target\":{\"@type\":\"EntryPoint\",\"urlTemplate\":\"https:\/\/eshop.nortecsport.com\/de\/?s={search_term_string}\"},\"query-input\":\"required name=search_term_string\"}],\"inLanguage\":\"de-DE\"}]}<\/script>\n<!-- \/ Yoast SEO plugin. -->","yoast_head_json":{"title":"Alp 2.0 - Nortec Sport - Micro Crampons &amp; Running Gear","robots":{"index":"index","follow":"follow","max-snippet":"max-snippet:-1","max-image-preview":"max-image-preview:large","max-video-preview":"max-video-preview:-1"},"canonical":"https:\/\/eshop.nortecsport.com\/de\/produkt\/alp\/","og_locale":"de_DE","og_type":"article","og_title":"Alp 2.0 - Nortec Sport - Micro Crampons &amp; Running Gear","og_url":"https:\/\/eshop.nortecsport.com\/de\/produkt\/alp\/","og_site_name":"Nortec Sport - Micro Crampons &amp; Running Gear","article_modified_time":"2025-12-29T12:24:09+00:00","og_image":[{"width":1200,"height":1200,"url":"https:\/\/eshop.nortecsport.com\/wp-content\/uploads\/2014\/11\/Alp2021_Main.jpg","type":"image\/jpeg"}],"twitter_card":"summary_large_image","twitter_misc":{"Gesch\u00e4tzte Lesezeit":"1 Minute"},"schema":{"@context":"https:\/\/schema.org","@graph":[{"@type":"WebPage","@id":"https:\/\/eshop.nortecsport.com\/de\/produkt\/alp\/","url":"https:\/\/eshop.nortecsport.com\/de\/produkt\/alp\/","name":"Alp 2.0 - Nortec Sport - Micro Crampons &amp; Running Gear","isPartOf":{"@id":"https:\/\/eshop.nortecsport.com\/de\/#website"},"datePublished":"2014-11-24T17:47:39+00:00","dateModified":"2025-12-29T12:24:09+00:00","breadcrumb":{"@id":"https:\/\/eshop.nortecsport.com\/de\/produkt\/alp\/#breadcrumb"},"inLanguage":"de-DE","potentialAction":[{"@type":"ReadAction","target":["https:\/\/eshop.nortecsport.com\/de\/produkt\/alp\/"]}]},{"@type":"BreadcrumbList","@id":"https:\/\/eshop.nortecsport.com\/de\/produkt\/alp\/#breadcrumb","itemListElement":[{"@type":"ListItem","position":1,"name":"Home","item":"https:\/\/eshop.nortecsport.com\/de\/"},{"@type":"ListItem","position":2,"name":"Shop","item":"https:\/\/eshop.nortecsport.com\/shop\/"},{"@type":"ListItem","position":3,"name":"Alp 2.0"}]},{"@type":"WebSite","@id":"https:\/\/eshop.nortecsport.com\/de\/#website","url":"https:\/\/eshop.nortecsport.com\/de\/","name":"Nortec Sport - Micro Crampons &amp; Running Gear","description":"Winter Running, Alpine Running and Trekking - running gear and micro crampons from NORTEC.","potentialAction":[{"@type":"SearchAction","target":{"@type":"EntryPoint","urlTemplate":"https:\/\/eshop.nortecsport.com\/de\/?s={search_term_string}"},"query-input":"required name=search_term_string"}],"inLanguage":"de-DE"}]}},"jetpack_publicize_connections":[],"jetpack_sharing_enabled":true,"_links":{"self":[{"href":"https:\/\/eshop.nortecsport.com\/de\/wp-json\/wp\/v2\/product\/402"}],"collection":[{"href":"https:\/\/eshop.nortecsport.com\/de\/wp-json\/wp\/v2\/product"}],"about":[{"href":"https:\/\/eshop.nortecsport.com\/de\/wp-json\/wp\/v2\/types\/product"}],"replies":[{"embeddable":true,"href":"https:\/\/eshop.nortecsport.com\/de\/wp-json\/wp\/v2\/comments?post=402"}],"wp:featuredmedia":[{"embeddable":true,"href":"https:\/\/eshop.nortecsport.com\/de\/wp-json\/wp\/v2\/media\/6568"}],"wp:attachment":[{"href":"https:\/\/eshop.nortecsport.com\/de\/wp-json\/wp\/v2\/media?parent=402"}],"wp:term":[{"taxonomy":"product_cat","embeddable":true,"href":"https:\/\/eshop.nortecsport.com\/de\/wp-json\/wp\/v2\/product_cat?post=402"},{"taxonomy":"product_tag","embeddable":true,"href":"https:\/\/eshop.nortecsport.com\/de\/wp-json\/wp\/v2\/product_tag?post=402"}],"curies":[{"name":"wp","href":"https:\/\/api.w.org\/{rel}","templated":true}]}}