{"id":275,"date":"2019-10-27T16:11:01","date_gmt":"2014-11-24T16:11:01","guid":{"rendered":"https:\/\/eshop.nortecsport.com\/products\/trail-2"},"modified":"2025-10-30T11:24:28","modified_gmt":"2025-10-30T10:24:28","slug":"trail","status":"publish","type":"product","link":"https:\/\/eshop.nortecsport.com\/de\/produkt\/trail\/","title":{"rendered":"Trail 2.4"},"content":{"rendered":"<div class=\"et_pb_module et_pb_text et_pb_text_0 et_pb_text_align_left et_pb_bg_layout_light\">\n<h2 class=\"et_pb_text_inner\">TRAIL 2.4 \u2013 WINTER TRAIL RACES<\/h2>\n<\/div>\n<ul>\n<li><strong>Auch in Pink erh\u00e4ltlich.<\/strong><\/li>\n<li><strong>Perfect Fit Adapter:<\/strong> Ein neues System, mit dem die L\u00e4nge der Schuhkralle an den Schuh angepasst werden kann \u2013 f\u00fcr eine noch pr\u00e4zisere und leistungsst\u00e4rkere Passform.<\/li>\n<li>Die leichteste Quick-fit Schuhkralle der Welt<\/li>\n<li>Quick fit und exzellente Haftung am Schuh dank des Hi-tech Elastomers<\/li>\n<li>Ideal f\u00fcr Eis, Schlamm und rutschige Oberfl\u00e4chen dank des Stahlspitzen-Systems<\/li>\n<li>Revolution\u00e4re Konstruktion der Lauffl\u00e4che mit Mikro-Seilen und Krallen-Plakette<\/li>\n<li>Kompakte Packtasche aus technischem und funktionellem Material<\/li>\n<li><strong><strong>Standardgr\u00f6\u00dfen, optimiert f\u00fcr Lauf- und Trailrunning-Schuhe. Nicht f\u00fcr Wanderschuhe geeignet.<\/strong><\/strong><a href=\"https:\/\/eshop.nortecsport.com\/wp-content\/uploads\/2025\/10\/trail-sizes.png\"><img loading=\"lazy\" class=\"alignnone size-full wp-image-9871\" src=\"https:\/\/eshop.nortecsport.com\/wp-content\/uploads\/2025\/10\/trail-sizes.png\" alt=\"\" width=\"969\" height=\"591\" srcset=\"https:\/\/eshop.nortecsport.com\/wp-content\/uploads\/2025\/10\/trail-sizes.png 969w, https:\/\/eshop.nortecsport.com\/wp-content\/uploads\/2025\/10\/trail-sizes-300x183.png 300w, https:\/\/eshop.nortecsport.com\/wp-content\/uploads\/2025\/10\/trail-sizes-768x468.png 768w, https:\/\/eshop.nortecsport.com\/wp-content\/uploads\/2025\/10\/trail-sizes-705x430.png 705w, https:\/\/eshop.nortecsport.com\/wp-content\/uploads\/2025\/10\/trail-sizes-450x274.png 450w\" sizes=\"(max-width: 969px) 100vw, 969px\" \/><\/a><\/li>\n<\/ul>\n","protected":false},"excerpt":{"rendered":"<p class=\"p1\">[av_two_third first]<br \/>\nGr\u00f6\u00dfen S und M auch in Pink erh\u00e4ltlich.<br \/>\nVersand innerhalb von 24 Stunden[\/av_two_third]<\/p>\n[av_one_third][av_button label='Die richtige Gr\u00f6\u00dfe ermitteln' link='https:\/\/eshop.nortecsport.com\/wp-content\/uploads\/2025\/10\/NORTEC_Sizetable2025_DE_Trail.pdf' link_target='_blank' size='small' position='right' icon_select='yes' icon_hover='aviaTBicon_hover' icon='ue81f' font='entypo-fontello' color='theme-color' custom_bg='#444444' custom_font='#ffffff'][\/av_one_third]\n","protected":false},"featured_media":9007,"comment_status":"open","ping_status":"closed","template":"","meta":{"spay_email":"","jetpack_publicize_message":"","jetpack_is_tweetstorm":false,"jetpack_publicize_feature_enabled":true},"product_cat":[9],"product_tag":[300,299,298,174,301],"acf":[],"yoast_head":"<!-- This site is optimized with the Yoast SEO plugin v19.10 - https:\/\/yoast.com\/wordpress\/plugins\/seo\/ -->\n<title>Trail 2.4 - Nortec Sport - Micro Crampons &amp; Running Gear<\/title>\n<meta name=\"description\" content=\"NORTEC Winter Running Spikes: light weight and easy. Winter Trail Races and Trainings on ice and hard snow.\" \/>\n<meta name=\"robots\" content=\"index, follow, max-snippet:-1, max-image-preview:large, max-video-preview:-1\" \/>\n<link rel=\"canonical\" href=\"https:\/\/eshop.nortecsport.com\/de\/produkt\/trail\/\" \/>\n<meta property=\"og:locale\" content=\"de_DE\" \/>\n<meta property=\"og:type\" content=\"article\" \/>\n<meta property=\"og:title\" content=\"Trail 2.4 - Nortec Sport - Micro Crampons &amp; Running Gear\" \/>\n<meta property=\"og:description\" content=\"NORTEC Winter Running Spikes: light weight and easy. Winter Trail Races and Trainings on ice and hard snow.\" \/>\n<meta property=\"og:url\" content=\"https:\/\/eshop.nortecsport.com\/de\/produkt\/trail\/\" \/>\n<meta property=\"og:site_name\" content=\"Nortec Sport - Micro Crampons &amp; Running Gear\" \/>\n<meta property=\"article:modified_time\" content=\"2025-10-30T10:24:28+00:00\" \/>\n<meta property=\"og:image\" content=\"https:\/\/eshop.nortecsport.com\/wp-content\/uploads\/2019\/10\/NORTEC_Trail24_Frei_2023_small.jpg\" \/>\n\t<meta property=\"og:image:width\" content=\"7952\" \/>\n\t<meta property=\"og:image:height\" content=\"5304\" \/>\n\t<meta property=\"og:image:type\" content=\"image\/jpeg\" \/>\n<meta name=\"twitter:card\" content=\"summary_large_image\" \/>\n<meta name=\"twitter:label1\" content=\"Gesch\u00e4tzte Lesezeit\" \/>\n\t<meta name=\"twitter:data1\" content=\"1 Minute\" \/>\n<script type=\"application\/ld+json\" class=\"yoast-schema-graph\">{\"@context\":\"https:\/\/schema.org\",\"@graph\":[{\"@type\":\"WebPage\",\"@id\":\"https:\/\/eshop.nortecsport.com\/de\/produkt\/trail\/\",\"url\":\"https:\/\/eshop.nortecsport.com\/de\/produkt\/trail\/\",\"name\":\"Trail 2.4 - Nortec Sport - Micro Crampons &amp; Running Gear\",\"isPartOf\":{\"@id\":\"https:\/\/eshop.nortecsport.com\/de\/#website\"},\"datePublished\":\"2014-11-24T16:11:01+00:00\",\"dateModified\":\"2025-10-30T10:24:28+00:00\",\"description\":\"NORTEC Winter Running Spikes: light weight and easy. Winter Trail Races and Trainings on ice and hard snow.\",\"breadcrumb\":{\"@id\":\"https:\/\/eshop.nortecsport.com\/de\/produkt\/trail\/#breadcrumb\"},\"inLanguage\":\"de-DE\",\"potentialAction\":[{\"@type\":\"ReadAction\",\"target\":[\"https:\/\/eshop.nortecsport.com\/de\/produkt\/trail\/\"]}]},{\"@type\":\"BreadcrumbList\",\"@id\":\"https:\/\/eshop.nortecsport.com\/de\/produkt\/trail\/#breadcrumb\",\"itemListElement\":[{\"@type\":\"ListItem\",\"position\":1,\"name\":\"Home\",\"item\":\"https:\/\/eshop.nortecsport.com\/de\/\"},{\"@type\":\"ListItem\",\"position\":2,\"name\":\"Shop\",\"item\":\"https:\/\/eshop.nortecsport.com\/shop\/\"},{\"@type\":\"ListItem\",\"position\":3,\"name\":\"Trail 2.4\"}]},{\"@type\":\"WebSite\",\"@id\":\"https:\/\/eshop.nortecsport.com\/de\/#website\",\"url\":\"https:\/\/eshop.nortecsport.com\/de\/\",\"name\":\"Nortec Sport - Micro Crampons &amp; Running Gear\",\"description\":\"Winter Running, Alpine Running and Trekking - running gear and micro crampons from NORTEC.\",\"potentialAction\":[{\"@type\":\"SearchAction\",\"target\":{\"@type\":\"EntryPoint\",\"urlTemplate\":\"https:\/\/eshop.nortecsport.com\/de\/?s={search_term_string}\"},\"query-input\":\"required name=search_term_string\"}],\"inLanguage\":\"de-DE\"}]}<\/script>\n<!-- \/ Yoast SEO plugin. -->","yoast_head_json":{"title":"Trail 2.4 - Nortec Sport - Micro Crampons &amp; Running Gear","description":"NORTEC Winter Running Spikes: light weight and easy. Winter Trail Races and Trainings on ice and hard snow.","robots":{"index":"index","follow":"follow","max-snippet":"max-snippet:-1","max-image-preview":"max-image-preview:large","max-video-preview":"max-video-preview:-1"},"canonical":"https:\/\/eshop.nortecsport.com\/de\/produkt\/trail\/","og_locale":"de_DE","og_type":"article","og_title":"Trail 2.4 - Nortec Sport - Micro Crampons &amp; Running Gear","og_description":"NORTEC Winter Running Spikes: light weight and easy. Winter Trail Races and Trainings on ice and hard snow.","og_url":"https:\/\/eshop.nortecsport.com\/de\/produkt\/trail\/","og_site_name":"Nortec Sport - Micro Crampons &amp; Running Gear","article_modified_time":"2025-10-30T10:24:28+00:00","og_image":[{"width":7952,"height":5304,"url":"https:\/\/eshop.nortecsport.com\/wp-content\/uploads\/2019\/10\/NORTEC_Trail24_Frei_2023_small.jpg","type":"image\/jpeg"}],"twitter_card":"summary_large_image","twitter_misc":{"Gesch\u00e4tzte Lesezeit":"1 Minute"},"schema":{"@context":"https:\/\/schema.org","@graph":[{"@type":"WebPage","@id":"https:\/\/eshop.nortecsport.com\/de\/produkt\/trail\/","url":"https:\/\/eshop.nortecsport.com\/de\/produkt\/trail\/","name":"Trail 2.4 - Nortec Sport - Micro Crampons &amp; Running Gear","isPartOf":{"@id":"https:\/\/eshop.nortecsport.com\/de\/#website"},"datePublished":"2014-11-24T16:11:01+00:00","dateModified":"2025-10-30T10:24:28+00:00","description":"NORTEC Winter Running Spikes: light weight and easy. Winter Trail Races and Trainings on ice and hard snow.","breadcrumb":{"@id":"https:\/\/eshop.nortecsport.com\/de\/produkt\/trail\/#breadcrumb"},"inLanguage":"de-DE","potentialAction":[{"@type":"ReadAction","target":["https:\/\/eshop.nortecsport.com\/de\/produkt\/trail\/"]}]},{"@type":"BreadcrumbList","@id":"https:\/\/eshop.nortecsport.com\/de\/produkt\/trail\/#breadcrumb","itemListElement":[{"@type":"ListItem","position":1,"name":"Home","item":"https:\/\/eshop.nortecsport.com\/de\/"},{"@type":"ListItem","position":2,"name":"Shop","item":"https:\/\/eshop.nortecsport.com\/shop\/"},{"@type":"ListItem","position":3,"name":"Trail 2.4"}]},{"@type":"WebSite","@id":"https:\/\/eshop.nortecsport.com\/de\/#website","url":"https:\/\/eshop.nortecsport.com\/de\/","name":"Nortec Sport - Micro Crampons &amp; Running Gear","description":"Winter Running, Alpine Running and Trekking - running gear and micro crampons from NORTEC.","potentialAction":[{"@type":"SearchAction","target":{"@type":"EntryPoint","urlTemplate":"https:\/\/eshop.nortecsport.com\/de\/?s={search_term_string}"},"query-input":"required name=search_term_string"}],"inLanguage":"de-DE"}]}},"jetpack_publicize_connections":[],"jetpack_sharing_enabled":true,"_links":{"self":[{"href":"https:\/\/eshop.nortecsport.com\/de\/wp-json\/wp\/v2\/product\/275"}],"collection":[{"href":"https:\/\/eshop.nortecsport.com\/de\/wp-json\/wp\/v2\/product"}],"about":[{"href":"https:\/\/eshop.nortecsport.com\/de\/wp-json\/wp\/v2\/types\/product"}],"replies":[{"embeddable":true,"href":"https:\/\/eshop.nortecsport.com\/de\/wp-json\/wp\/v2\/comments?post=275"}],"wp:featuredmedia":[{"embeddable":true,"href":"https:\/\/eshop.nortecsport.com\/de\/wp-json\/wp\/v2\/media\/9007"}],"wp:attachment":[{"href":"https:\/\/eshop.nortecsport.com\/de\/wp-json\/wp\/v2\/media?parent=275"}],"wp:term":[{"taxonomy":"product_cat","embeddable":true,"href":"https:\/\/eshop.nortecsport.com\/de\/wp-json\/wp\/v2\/product_cat?post=275"},{"taxonomy":"product_tag","embeddable":true,"href":"https:\/\/eshop.nortecsport.com\/de\/wp-json\/wp\/v2\/product_tag?post=275"}],"curies":[{"name":"wp","href":"https:\/\/api.w.org\/{rel}","templated":true}]}}