{"id":215,"date":"2014-11-24T14:43:22","date_gmt":"2014-11-24T15:18:42","guid":{"rendered":"https:\/\/eshop.nortecsport.com\/?post_type=product&#038;p=215"},"modified":"2025-12-29T13:22:48","modified_gmt":"2025-12-29T12:22:48","slug":"nordic","status":"publish","type":"product","link":"https:\/\/eshop.nortecsport.com\/de\/produkt\/nordic\/","title":{"rendered":"Nordic 2.4"},"content":{"rendered":"<h2>NORDIC 2.4 \u2013 TREKKING &amp; LIGHT MOUNTAINEERING<\/h2>\n<ul>\n<li><strong>Allround-Schuhkralle, die sowohl an Wanderschuhen als auch an Trailrunning-Schuhen getragen werden kann.<\/strong><\/li>\n<li>Schnelle Anbringung und hervorragender Halt am Schuh dank des Hi-Tech-Elastomers.<\/li>\n<li>Ideal f\u00fcr Eis, Matsch und rutschige Oberfl\u00e4chen dank des Systems aus Stahlspitzen.<\/li>\n<li>Vordere Krallen mit dem \u201eFlex\u201c-System zur Vermeidung von Schnee- und Eisansammlungen.<\/li>\n<li>Stahlb\u00fcgel an der Schuhspitze f\u00fcr ausgezeichnete Stabilit\u00e4t.<\/li>\n<li><strong>Standardgr\u00f6\u00dfen, optimiert f\u00fcr leichte Bergschuhe.<\/strong><\/li>\n<\/ul>\n<p><a href=\"https:\/\/eshop.nortecsport.com\/wp-content\/uploads\/2025\/10\/nordic-sizes.png\"><img loading=\"lazy\" class=\"alignnone wp-image-9849 size-full\" src=\"https:\/\/eshop.nortecsport.com\/wp-content\/uploads\/2025\/10\/nordic-sizes-e1761820005903.png\" alt=\"\" width=\"969\" height=\"302\" srcset=\"https:\/\/eshop.nortecsport.com\/wp-content\/uploads\/2025\/10\/nordic-sizes-e1761820005903.png 969w, https:\/\/eshop.nortecsport.com\/wp-content\/uploads\/2025\/10\/nordic-sizes-e1761820005903-300x93.png 300w, https:\/\/eshop.nortecsport.com\/wp-content\/uploads\/2025\/10\/nordic-sizes-e1761820005903-768x239.png 768w, https:\/\/eshop.nortecsport.com\/wp-content\/uploads\/2025\/10\/nordic-sizes-e1761820005903-705x220.png 705w, https:\/\/eshop.nortecsport.com\/wp-content\/uploads\/2025\/10\/nordic-sizes-e1761820005903-450x140.png 450w\" sizes=\"(max-width: 969px) 100vw, 969px\" \/><\/a><\/p>\n","protected":false},"excerpt":{"rendered":"[av_two_third first]Versand innerhalb von 24 Stunden[\/av_two_third]\n[av_one_third][av_button label='Die richtige Gr\u00f6\u00dfe ermitteln' link='https:\/\/eshop.nortecsport.com\/wp-content\/uploads\/2025\/10\/NORTEC_Sizetable2025_DE_Nordic.pdf' link_target='_blank' size='small' position='right' icon_select='yes' icon_hover='aviaTBicon_hover' icon='ue81f' font='entypo-fontello' color='theme-color' custom_bg='#444444' custom_font='#ffffff'][\/av_one_third]\n","protected":false},"featured_media":9100,"comment_status":"open","ping_status":"closed","template":"","meta":{"spay_email":"","jetpack_publicize_message":"","jetpack_is_tweetstorm":false,"jetpack_publicize_feature_enabled":true},"product_cat":[223,9],"product_tag":[],"acf":[],"yoast_head":"<!-- This site is optimized with the Yoast SEO plugin v19.10 - https:\/\/yoast.com\/wordpress\/plugins\/seo\/ -->\n<title>Nordic 2.4 - Nortec Sport - Micro Crampons &amp; Running Gear<\/title>\n<meta name=\"robots\" content=\"index, follow, max-snippet:-1, max-image-preview:large, max-video-preview:-1\" \/>\n<link rel=\"canonical\" href=\"https:\/\/eshop.nortecsport.com\/de\/produkt\/nordic\/\" \/>\n<meta property=\"og:locale\" content=\"de_DE\" \/>\n<meta property=\"og:type\" content=\"article\" \/>\n<meta property=\"og:title\" content=\"Nordic 2.4 - Nortec Sport - Micro Crampons &amp; Running Gear\" \/>\n<meta property=\"og:url\" content=\"https:\/\/eshop.nortecsport.com\/de\/produkt\/nordic\/\" \/>\n<meta property=\"og:site_name\" content=\"Nortec Sport - Micro Crampons &amp; Running Gear\" \/>\n<meta property=\"article:modified_time\" content=\"2025-12-29T12:22:48+00:00\" \/>\n<meta property=\"og:image\" content=\"https:\/\/eshop.nortecsport.com\/wp-content\/uploads\/2014\/11\/NORTEC_NordicTrek_Main_2024-1-scaled.jpg\" \/>\n\t<meta property=\"og:image:width\" content=\"2560\" \/>\n\t<meta property=\"og:image:height\" content=\"2220\" \/>\n\t<meta property=\"og:image:type\" content=\"image\/jpeg\" \/>\n<meta name=\"twitter:card\" content=\"summary_large_image\" \/>\n<meta name=\"twitter:label1\" content=\"Gesch\u00e4tzte Lesezeit\" \/>\n\t<meta name=\"twitter:data1\" content=\"1 Minute\" \/>\n<script type=\"application\/ld+json\" class=\"yoast-schema-graph\">{\"@context\":\"https:\/\/schema.org\",\"@graph\":[{\"@type\":\"WebPage\",\"@id\":\"https:\/\/eshop.nortecsport.com\/de\/produkt\/nordic\/\",\"url\":\"https:\/\/eshop.nortecsport.com\/de\/produkt\/nordic\/\",\"name\":\"Nordic 2.4 - Nortec Sport - Micro Crampons &amp; Running Gear\",\"isPartOf\":{\"@id\":\"https:\/\/eshop.nortecsport.com\/de\/#website\"},\"datePublished\":\"2014-11-24T15:18:42+00:00\",\"dateModified\":\"2025-12-29T12:22:48+00:00\",\"breadcrumb\":{\"@id\":\"https:\/\/eshop.nortecsport.com\/de\/produkt\/nordic\/#breadcrumb\"},\"inLanguage\":\"de-DE\",\"potentialAction\":[{\"@type\":\"ReadAction\",\"target\":[\"https:\/\/eshop.nortecsport.com\/de\/produkt\/nordic\/\"]}]},{\"@type\":\"BreadcrumbList\",\"@id\":\"https:\/\/eshop.nortecsport.com\/de\/produkt\/nordic\/#breadcrumb\",\"itemListElement\":[{\"@type\":\"ListItem\",\"position\":1,\"name\":\"Home\",\"item\":\"https:\/\/eshop.nortecsport.com\/de\/\"},{\"@type\":\"ListItem\",\"position\":2,\"name\":\"Shop\",\"item\":\"https:\/\/eshop.nortecsport.com\/shop\/\"},{\"@type\":\"ListItem\",\"position\":3,\"name\":\"Nordic 2.4\"}]},{\"@type\":\"WebSite\",\"@id\":\"https:\/\/eshop.nortecsport.com\/de\/#website\",\"url\":\"https:\/\/eshop.nortecsport.com\/de\/\",\"name\":\"Nortec Sport - Micro Crampons &amp; Running Gear\",\"description\":\"Winter Running, Alpine Running and Trekking - running gear and micro crampons from NORTEC.\",\"potentialAction\":[{\"@type\":\"SearchAction\",\"target\":{\"@type\":\"EntryPoint\",\"urlTemplate\":\"https:\/\/eshop.nortecsport.com\/de\/?s={search_term_string}\"},\"query-input\":\"required name=search_term_string\"}],\"inLanguage\":\"de-DE\"}]}<\/script>\n<!-- \/ Yoast SEO plugin. -->","yoast_head_json":{"title":"Nordic 2.4 - Nortec Sport - Micro Crampons &amp; Running Gear","robots":{"index":"index","follow":"follow","max-snippet":"max-snippet:-1","max-image-preview":"max-image-preview:large","max-video-preview":"max-video-preview:-1"},"canonical":"https:\/\/eshop.nortecsport.com\/de\/produkt\/nordic\/","og_locale":"de_DE","og_type":"article","og_title":"Nordic 2.4 - Nortec Sport - Micro Crampons &amp; Running Gear","og_url":"https:\/\/eshop.nortecsport.com\/de\/produkt\/nordic\/","og_site_name":"Nortec Sport - Micro Crampons &amp; Running Gear","article_modified_time":"2025-12-29T12:22:48+00:00","og_image":[{"width":2560,"height":2220,"url":"https:\/\/eshop.nortecsport.com\/wp-content\/uploads\/2014\/11\/NORTEC_NordicTrek_Main_2024-1-scaled.jpg","type":"image\/jpeg"}],"twitter_card":"summary_large_image","twitter_misc":{"Gesch\u00e4tzte Lesezeit":"1 Minute"},"schema":{"@context":"https:\/\/schema.org","@graph":[{"@type":"WebPage","@id":"https:\/\/eshop.nortecsport.com\/de\/produkt\/nordic\/","url":"https:\/\/eshop.nortecsport.com\/de\/produkt\/nordic\/","name":"Nordic 2.4 - Nortec Sport - Micro Crampons &amp; Running Gear","isPartOf":{"@id":"https:\/\/eshop.nortecsport.com\/de\/#website"},"datePublished":"2014-11-24T15:18:42+00:00","dateModified":"2025-12-29T12:22:48+00:00","breadcrumb":{"@id":"https:\/\/eshop.nortecsport.com\/de\/produkt\/nordic\/#breadcrumb"},"inLanguage":"de-DE","potentialAction":[{"@type":"ReadAction","target":["https:\/\/eshop.nortecsport.com\/de\/produkt\/nordic\/"]}]},{"@type":"BreadcrumbList","@id":"https:\/\/eshop.nortecsport.com\/de\/produkt\/nordic\/#breadcrumb","itemListElement":[{"@type":"ListItem","position":1,"name":"Home","item":"https:\/\/eshop.nortecsport.com\/de\/"},{"@type":"ListItem","position":2,"name":"Shop","item":"https:\/\/eshop.nortecsport.com\/shop\/"},{"@type":"ListItem","position":3,"name":"Nordic 2.4"}]},{"@type":"WebSite","@id":"https:\/\/eshop.nortecsport.com\/de\/#website","url":"https:\/\/eshop.nortecsport.com\/de\/","name":"Nortec Sport - Micro Crampons &amp; Running Gear","description":"Winter Running, Alpine Running and Trekking - running gear and micro crampons from NORTEC.","potentialAction":[{"@type":"SearchAction","target":{"@type":"EntryPoint","urlTemplate":"https:\/\/eshop.nortecsport.com\/de\/?s={search_term_string}"},"query-input":"required name=search_term_string"}],"inLanguage":"de-DE"}]}},"jetpack_publicize_connections":[],"jetpack_sharing_enabled":true,"_links":{"self":[{"href":"https:\/\/eshop.nortecsport.com\/de\/wp-json\/wp\/v2\/product\/215"}],"collection":[{"href":"https:\/\/eshop.nortecsport.com\/de\/wp-json\/wp\/v2\/product"}],"about":[{"href":"https:\/\/eshop.nortecsport.com\/de\/wp-json\/wp\/v2\/types\/product"}],"replies":[{"embeddable":true,"href":"https:\/\/eshop.nortecsport.com\/de\/wp-json\/wp\/v2\/comments?post=215"}],"wp:featuredmedia":[{"embeddable":true,"href":"https:\/\/eshop.nortecsport.com\/de\/wp-json\/wp\/v2\/media\/9100"}],"wp:attachment":[{"href":"https:\/\/eshop.nortecsport.com\/de\/wp-json\/wp\/v2\/media?parent=215"}],"wp:term":[{"taxonomy":"product_cat","embeddable":true,"href":"https:\/\/eshop.nortecsport.com\/de\/wp-json\/wp\/v2\/product_cat?post=215"},{"taxonomy":"product_tag","embeddable":true,"href":"https:\/\/eshop.nortecsport.com\/de\/wp-json\/wp\/v2\/product_tag?post=215"}],"curies":[{"name":"wp","href":"https:\/\/api.w.org\/{rel}","templated":true}]}}